{"id":843,"date":"2026-01-27T19:39:29","date_gmt":"2026-01-27T19:39:29","guid":{"rendered":"https:\/\/minneapolisschoolfinder.org\/es\/?page_id=843"},"modified":"2026-01-27T19:39:30","modified_gmt":"2026-01-27T19:39:30","slug":"participacion-sostenida","status":"publish","type":"page","link":"https:\/\/minneapolisschoolfinder.org\/es\/participacion-sostenida\/","title":{"rendered":"Participaci\u00f3n sostenida"},"content":{"rendered":"<div class=\"block-sticky-menu\">\n  <ul>\n          <li>\n        <a  href=\"https:\/\/minneapolisschoolfinder.org\/es\/pasos-para-elegir-una-escuela\/\">\n          Pasos    \n        <\/a>\n      <\/li>\n          <li>\n        <a  href=\"https:\/\/minneapolisschoolfinder.org\/es\/nueve-elementos-de-una-gran-escuela\/\">\n          Elementos    \n        <\/a>\n      <\/li>\n          <li>\n        <a  href=\"https:\/\/minneapolisschoolfinder.org\/es\/participacion-sostenida\/\">\n          Comprometer    \n        <\/a>\n      <\/li>\n          <li>\n        <a  href=\"https:\/\/minneapolisschoolfinder.org\/es\/glosario\/\">\n          Glosario    \n        <\/a>\n      <\/li>\n      <\/ul>\n<\/div>\n<div class=\"block-sticky-menu-placeholder\"><\/div>\n\n\n\n<div style=\"height:64px\" aria-hidden=\"true\" class=\"wp-block-spacer\"><\/div>\n\n\n\n<p>La inscripci\u00f3n en una escuela es solo el primer paso para garantizar que su hijo est\u00e9 en el camino del \u00e9xito. Los padres y los tutores son los primeros docentes de un ni\u00f1o. Es fundamental que sigan siendo una parte esencial de la educaci\u00f3n de su hijo.<\/p>\n\n\n  <div class=\"block-text-callout background-color-blue\">\n    <p><strong>Las investigaciones muestran que los ni\u00f1os cuyas familias participan en su educaci\u00f3n, independientemente de la raza o el nivel de ingresos, tienen m\u00e1s probabilidades de lo siguiente:<\/strong><\/p>\n<ul>\n<li>leer y aprender matem\u00e1ticas al nivel de su grado;<\/li>\n<li>disfrutar la escuela;<\/li>\n<li>graduarse de la escuela secundaria y la universidad;<\/li>\n<li>tener mejores habilidades sociales y conducta en el aula.<\/li>\n<\/ul>\n  <\/div>\n\n\n\n\n<p>Cuando los padres se involucran en la escuela, conocen a personas con las que pueden compartir conocimientos y conexiones. A su vez, estos padres tienen m\u00e1s probabilidades de apoyar a sus hijos para que tengan \u00e9xito. Tienen acceso a m\u00e1s recursos e informaci\u00f3n.<\/p>\n\n\n\n<div style=\"height:64px\" aria-hidden=\"true\" class=\"wp-block-spacer\"><\/div>\n\n\n\n<h2 class=\"wp-block-heading\">C\u00f3mo involucrarse<\/h2>\n\n\n\n<div style=\"height:16px\" aria-hidden=\"true\" class=\"wp-block-spacer\"><\/div>\n\n\n\n<p>Hay muchas maneras de participar en la educaci\u00f3n de su hijo. La participaci\u00f3n de los padres no tiene por qu\u00e9 limitarse a las conferencias de padres y docentes.<\/p>\n\n\n  <div class=\"block-text-callout background-color-blue\">\n    <p><strong>A continuaci\u00f3n mencionamos algunas cosas que puede hacer para participar m\u00e1s activamente:<\/strong><\/p>\n<ul>\n<li>L\u00e9ale a su hijo y lea junto con su hijo: solo diez\u00a0minutos al d\u00eda pueden marcar la diferencia.<\/li>\n<li>Comun\u00edquese peri\u00f3dicamente con el docente de su hijo y preg\u00fantele c\u00f3mo prefiere comunicarse, ya sea en persona, por mensaje de texto o por un portal en l\u00ednea, y cont\u00e1ctese seguido.<\/li>\n<li>Participe en eventos escolares: asistir a eventos deportivos, conciertos y ceremonias de premios, aunque su hijo no participe, ayuda a que la escuela desarrolle una comunidad.<\/li>\n<li>\u00danase a las organizaciones de padres de su escuela: unirse a una asociaci\u00f3n de padres y docentes crea una comunidad de padres a quienes les apasiona hacer de la escuela un lugar mejor.<\/li>\n<li>Fomente una mentalidad de crecimiento: felicite a su hijo por su esfuerzo, no solo por los resultados, para que sepa que aprender requiere trabajar duro.<\/li>\n<li>Alce la voz por su hijo: conozca las pol\u00edticas de la escuela sobre temas como el acoso escolar, la educaci\u00f3n especial o el apoyo acad\u00e9mico. Hable con el docente de su hijo o con otros miembros del personal de la escuela para encontrar soluciones cuando se presenten problemas.<\/li>\n<\/ul>\n  <\/div>\n\n\n\n\n<div style=\"height:64px\" aria-hidden=\"true\" class=\"wp-block-spacer\"><\/div>\n\n\n\n<h2 class=\"wp-block-heading\">Uso de recursos y personas<\/h2>\n\n\n\n<div style=\"height:16px\" aria-hidden=\"true\" class=\"wp-block-spacer\"><\/div>\n\n\n\n<p>No se espera que los padres y tutores sepan absolutamente todo sobre la inscripci\u00f3n o la defensa de sus hijos. Hay muchos recursos y personas que pueden ayudar si quiere obtener m\u00e1s informaci\u00f3n o se le presenta alg\u00fan problema.<\/p>\n\n\n  <div class=\"block-text-callout background-color-purple\">\n    <p><strong>Para obtener m\u00e1s informaci\u00f3n sobre temas espec\u00edficos, consulte estos recursos:<\/strong><\/p>\n<h3><img loading=\"lazy\" decoding=\"async\" class=\" wp-image-2278 alignleft\" src=\"https:\/\/minneapolisschoolfinder.org\/wp-content\/uploads\/2025\/09\/mn-family-guides-300x300.png\" alt=\"MN Standards Family Guides logo\" width=\"230\" height=\"230\" \/><a href=\"https:\/\/gradeguides.greatmnschools.org\/es\/\">Gu\u00edas para las familias sobre las normas de Minnesota<\/a><\/h3>\n<p style=\"text-align: left\">Estas gu\u00edas le indican las habilidades m\u00e1s importantes que su hijo debe aprender cada a\u00f1o para tener \u00e9xito en Matem\u00e1ticas y Lectura, y la manera en que usted puede brindarle apoyo.<\/p>\n<p>&nbsp;<\/p>\n<p>&nbsp;<\/p>\n<p>&nbsp;<\/p>\n<p>&nbsp;<\/p>\n<hr \/>\n<h3><a href=\"https:\/\/gradeguides.greatmnschools.org\/es\/absenteeism-family-guide\">Gu\u00eda sobre el ausentismo<\/a><a href=\"https:\/\/gradeguides.greatmnschools.org\/absenteeism-family-guide\/\"><img loading=\"lazy\" decoding=\"async\" class=\"alignleft wp-image-2294\" src=\"https:\/\/minneapolisschoolfinder.org\/wp-content\/uploads\/2025\/09\/absenteeism-300x300.png\" alt=\"\" width=\"230\" height=\"230\" \/><\/a><\/h3>\n<p>Conozca por qu\u00e9 la asistencia de su hijo es crucial para su aprendizaje y desarrollo, y c\u00f3mo puede ayudar a garantizar que no pierda d\u00edas de clase.<\/p>\n<p>&nbsp;<\/p>\n<p>&nbsp;<\/p>\n<p>&nbsp;<\/p>\n<p>&nbsp;<\/p>\n<hr \/>\n<h4><img loading=\"lazy\" decoding=\"async\" class=\"alignleft wp-image-2279\" src=\"https:\/\/minneapolisschoolfinder.org\/wp-content\/uploads\/2025\/09\/learning-heros-300x300.png\" alt=\"illustration of parents in superhero costumes helping student with homework\" width=\"230\" height=\"230\" \/> <a href=\"https:\/\/bealearninghero.org\/es\/\">Learning Heroes<\/a><\/h4>\n<p style=\"text-align: left\">Learning Heroes es una organizaci\u00f3n sin fines de lucro con reconocimiento en todo el pa\u00eds que trabaja con socios para potenciar las experiencias de familias y docentes. Tienen diversas herramientas, como el <a href=\"https:\/\/bealearninghero.org\/es\/chequeo-academico-2022\/\">Chequeo acad\u00e9mico<\/a>, <a href=\"https:\/\/gobeyondgrades.org\/for-families\/\">Go Beyond Grades<\/a> y la herramienta <a href=\"https:\/\/bealearninghero.org\/es\/plan-de-accion-2023\/\">Plan de acci\u00f3n de verano para padres y docentes<\/a>.<\/p>\n<p>&nbsp;<\/p>\n<p>&nbsp;<\/p>\n  <\/div>\n\n\n\n\n\n\n\n<div style=\"height:64px\" aria-hidden=\"true\" class=\"wp-block-spacer\"><\/div>\n\n\n\n<h2 class=\"wp-block-heading\">Nuestros socios<\/h2>\n\n\n\n<div style=\"height:16px\" aria-hidden=\"true\" class=\"wp-block-spacer\"><\/div>\n\n\n\n<p>Great MN Schools trabaja con varias organizaciones comunitarias locales que cuentan con las herramientas para ayudarlo a navegar el sistema educativo y ser un defensor de su hijo.<\/p>\n\n\n  <div class=\"block-text-callout background-color-blue\">\n    <h3><a href=\"https:\/\/www.ayadaleads.org\/\">Ayada Leads<\/a><\/h3>\n<p>Ayada Leads&#8217; mission is to equip New Americans, particularly African Diaspora Women, to excel in leadership positions in their communities across the spectrum of societal influence.<\/p>\n<hr \/>\n<h3><a href=\"https:\/\/www.centromn.org\/\">Centro Tyrone Guzman<\/a><\/h3>\n<p>Centro Tyrone Guzman&#8217;s mission is to contribute to the well-being and full participation of Latines through education and family engagement.<\/p>\n<hr \/>\n<h3>Hennepin County Library<\/h3>\n<p>Hennepin County Library is a national leader of library service, innovation and excellence. 41 libraries, website and outreach services serve 1.2 million county residents over 611 square miles.<\/p>\n<hr \/>\n<h3><a href=\"https:\/\/www.leadthewaymn.org\/\">Lead the Way<\/a><\/h3>\n<p>Project Lead The Way empowers students to develop and apply in-demand, transportable skills by exploring real-world challenges.<\/p>\n<hr \/>\n<h3><a href=\"https:\/\/www.littleearth.org\/\">Little Earth Residents Association<\/a><\/h3>\n<p>Little Earth provides entrepreneurship training, interpersonal connections, multi-level support, and education services to the American Indian community in South Minneapolis.<\/p>\n<hr \/>\n<h3><a href=\"https:\/\/sites.google.com\/view\/mnzejzog\/home?authuser=0\">MN Zej Zog<\/a><\/h3>\n<p>MN Zej Zeg&#8217;s mission is to empower the Hmong community by nurturing the Hmong language, healing through the arts and wellness, and becoming more powerful through education across generations.<\/p>\n<hr \/>\n<h3><a href=\"https:\/\/www.northsideachievement.org\/\">Northside Achievement Zone<\/a><\/h3>\n<p>The Northside Achievement Zone partners with organizations to walk side by side with low-income families as they put their children on a path to college.<\/p>\n<hr \/>\n<h3>PACER Center<\/h3>\n<p>The PACER Center improves educational opportunities and enhances the quality of life for children and young adults with disabilities and their families.<\/p>\n<hr \/>\n<h3>Parents In Community Action<\/h3>\n<p>Established in 1969, PICA has provided services to low-income families, pregnant women, infants, toddlers and preschoolers for more than 50 years. PICA helps change the economic trajectory of the families they work with by taking a two-generational approach.<\/p>\n<hr \/>\n<h3><a href=\"https:\/\/www.phylliswheatley.org\/\">Phyllis Wheatley Community Center<\/a><\/h3>\n<p>The Phyllis Wheatley Community Center works with low-income residents through core programs focused on early childhood education, youth development, and adult empowerment.<\/p>\n<hr \/>\n<h3><a href=\"https:\/\/pillsburyunited.org\/\">Pillsbury United Communities<\/a><\/h3>\n<p>Built with and for historically marginalized and underinvested groups across our community, their united system of programs, neighborhood centers, and social enterprises connects more than 55,000 individuals and their families each year.<\/p>\n<hr \/>\n<h3><a href=\"https:\/\/urbanventures.org\/\">Urban Ventures<\/a><\/h3>\n<p>Urban Ventures&#8217; focus is to provide comprehensive, coordinated, cradle-to-career support for youth living in a 25-block core area of South Minneapolis, with the ultimate goal that all children will complete a post-secondary program and become leaders in their community.<\/p>\n<hr \/>\n<h3><a href=\"https:\/\/waytogrow.org\/\">Way to Grow<\/a><\/h3>\n<p>Way to Grow supports families with children from birth to age eight, empowering the next generation of leaders.<\/p>\n  <\/div>\n\n\n\n\n<div style=\"height:64px\" aria-hidden=\"true\" class=\"wp-block-spacer\"><\/div>\n\n\n\n<div class=\"wp-block-media-text is-stacked-on-mobile\" style=\"grid-template-columns:40% auto\"><figure class=\"wp-block-media-text__media\"><img decoding=\"async\" src=\"https:\/\/minneapolisschoolfinder.org\/wp-content\/uploads\/2025\/08\/schoolbus.png\" alt=\"Smiling students getting off the school bus.\" class=\"wp-image-2262 size-full\" \/><\/figure><div class=\"wp-block-media-text__content\">\n<h2 class=\"wp-block-heading\">Busque el lugar donde su hijo podr\u00e1 desarrollarse mejor<\/h2>\n\n\n\n<p>Use el <a href=\"\/\">Buscador de escuelas de Minneapolis<\/a> para descubrir las mejores opciones o inscr\u00edbase en la <a href=\"https:\/\/minneapolisschoolfinder.org\/es\/feria-de-buscadores-de-escuelas\/\">Feria del buscador de escuelas del k\u00ednder al 12&nbsp;grado de Minneapolis<\/a>. Consulte las <a href=\"https:\/\/gradeguides.greatmnschools.org\/es\/\">Gu\u00edas para las familias sobre las normas de Minnesota<\/a> para ver si su hijo est\u00e1 bien encaminado para el pr\u00f3ximo grado.<\/p>\n\n\n\n<div class=\"wp-block-buttons is-layout-flex wp-block-buttons-is-layout-flex\">\n<div class=\"wp-block-button\"><a class=\"wp-block-button__link wp-element-button\" href=\"https:\/\/minneapolisschoolfinder.org\/\">Encuentre una escuela<\/a><\/div>\n<\/div>\n<\/div><\/div>\n\n\n\n<p><\/p>\n","protected":false},"excerpt":{"rendered":"<p>La inscripci\u00f3n en una escuela es solo el primer paso para garantizar que su hijo est\u00e9 en el camino del \u00e9xito. Los padres y los tutores son los primeros docentes de un ni\u00f1o. Es fundamental que sigan siendo una parte esencial de la educaci\u00f3n de su hijo. Cuando los padres se involucran en la escuela, [&#8230;]<\/p>\n<p><a class=\"btn btn-secondary understrap-read-more-link\" href=\"https:\/\/minneapolisschoolfinder.org\/es\/participacion-sostenida\/\">Read More&#8230;<span class=\"screen-reader-text\"> from Participaci\u00f3n sostenida<\/span><\/a><\/p>\n","protected":false},"author":1,"featured_media":0,"parent":0,"menu_order":0,"comment_status":"closed","ping_status":"closed","template":"","meta":{"_acf_changed":true,"editor_notices":[],"footnotes":""},"class_list":["post-843","page","type-page","status-publish","hentry"],"acf":[],"yoast_head":"<!-- This site is optimized with the Yoast SEO plugin v27.2 - https:\/\/yoast.com\/product\/yoast-seo-wordpress\/ -->\n<title>Participaci\u00f3n sostenida - Minneapolis School Finder (Spanish)<\/title>\n<meta name=\"robots\" content=\"index, follow, max-snippet:-1, max-image-preview:large, max-video-preview:-1\" \/>\n<link rel=\"canonical\" href=\"https:\/\/minneapolisschoolfinder.org\/es\/participacion-sostenida\/\" \/>\n<meta property=\"og:locale\" content=\"en_US\" \/>\n<meta property=\"og:type\" content=\"article\" \/>\n<meta property=\"og:title\" content=\"Participaci\u00f3n sostenida - Minneapolis School Finder (Spanish)\" \/>\n<meta property=\"og:description\" content=\"La inscripci\u00f3n en una escuela es solo el primer paso para garantizar que su hijo est\u00e9 en el camino del \u00e9xito. Los padres y los tutores son los primeros docentes de un ni\u00f1o. Es fundamental que sigan siendo una parte esencial de la educaci\u00f3n de su hijo. Cuando los padres se involucran en la escuela, [...]Read More... from Participaci\u00f3n sostenida\" \/>\n<meta property=\"og:url\" content=\"https:\/\/minneapolisschoolfinder.org\/es\/participacion-sostenida\/\" \/>\n<meta property=\"og:site_name\" content=\"Minneapolis School Finder (Spanish)\" \/>\n<meta property=\"article:publisher\" content=\"https:\/\/www.facebook.com\/MinneapolisSchoolFinder\/\" \/>\n<meta property=\"article:modified_time\" content=\"2026-01-27T19:39:30+00:00\" \/>\n<meta property=\"og:image\" content=\"https:\/\/minneapolisschoolfinder.org\/wp-content\/uploads\/2025\/08\/schoolbus.png\" \/>\n<meta name=\"twitter:card\" content=\"summary_large_image\" \/>\n<meta name=\"twitter:site\" content=\"@greatmnschools\" \/>\n<meta name=\"twitter:label1\" content=\"Est. reading time\" \/>\n\t<meta name=\"twitter:data1\" content=\"2 minutes\" \/>\n<script type=\"application\/ld+json\" class=\"yoast-schema-graph\">{\"@context\":\"https:\/\/schema.org\",\"@graph\":[{\"@type\":\"WebPage\",\"@id\":\"https:\/\/minneapolisschoolfinder.org\/es\/participacion-sostenida\/\",\"url\":\"https:\/\/minneapolisschoolfinder.org\/es\/participacion-sostenida\/\",\"name\":\"Participaci\u00f3n sostenida - Minneapolis School Finder (Spanish)\",\"isPartOf\":{\"@id\":\"https:\/\/minneapolisschoolfinder.org\/es\/#website\"},\"primaryImageOfPage\":{\"@id\":\"https:\/\/minneapolisschoolfinder.org\/es\/participacion-sostenida\/#primaryimage\"},\"image\":{\"@id\":\"https:\/\/minneapolisschoolfinder.org\/es\/participacion-sostenida\/#primaryimage\"},\"thumbnailUrl\":\"https:\/\/minneapolisschoolfinder.org\/wp-content\/uploads\/2025\/08\/schoolbus.png\",\"datePublished\":\"2026-01-27T19:39:29+00:00\",\"dateModified\":\"2026-01-27T19:39:30+00:00\",\"breadcrumb\":{\"@id\":\"https:\/\/minneapolisschoolfinder.org\/es\/participacion-sostenida\/#breadcrumb\"},\"inLanguage\":\"en-US\",\"potentialAction\":[{\"@type\":\"ReadAction\",\"target\":[\"https:\/\/minneapolisschoolfinder.org\/es\/participacion-sostenida\/\"]}]},{\"@type\":\"ImageObject\",\"inLanguage\":\"en-US\",\"@id\":\"https:\/\/minneapolisschoolfinder.org\/es\/participacion-sostenida\/#primaryimage\",\"url\":\"https:\/\/minneapolisschoolfinder.org\/wp-content\/uploads\/2025\/08\/schoolbus.png\",\"contentUrl\":\"https:\/\/minneapolisschoolfinder.org\/wp-content\/uploads\/2025\/08\/schoolbus.png\"},{\"@type\":\"BreadcrumbList\",\"@id\":\"https:\/\/minneapolisschoolfinder.org\/es\/participacion-sostenida\/#breadcrumb\",\"itemListElement\":[{\"@type\":\"ListItem\",\"position\":1,\"name\":\"Home\",\"item\":\"https:\/\/minneapolisschoolfinder.org\/es\/homepage\/find-a-school-that-fits\/\"},{\"@type\":\"ListItem\",\"position\":2,\"name\":\"Participaci\u00f3n sostenida\"}]},{\"@type\":\"WebSite\",\"@id\":\"https:\/\/minneapolisschoolfinder.org\/es\/#website\",\"url\":\"https:\/\/minneapolisschoolfinder.org\/es\/\",\"name\":\"Minneapolis School Finder (Spanish)\",\"description\":\"\",\"publisher\":{\"@id\":\"https:\/\/minneapolisschoolfinder.org\/es\/#organization\"},\"potentialAction\":[{\"@type\":\"SearchAction\",\"target\":{\"@type\":\"EntryPoint\",\"urlTemplate\":\"https:\/\/minneapolisschoolfinder.org\/es\/?s={search_term_string}\"},\"query-input\":{\"@type\":\"PropertyValueSpecification\",\"valueRequired\":true,\"valueName\":\"search_term_string\"}}],\"inLanguage\":\"en-US\"},{\"@type\":\"Organization\",\"@id\":\"https:\/\/minneapolisschoolfinder.org\/es\/#organization\",\"name\":\"Minneapolis School Finder (Spanish)\",\"url\":\"https:\/\/minneapolisschoolfinder.org\/es\/\",\"logo\":{\"@type\":\"ImageObject\",\"inLanguage\":\"en-US\",\"@id\":\"https:\/\/minneapolisschoolfinder.org\/es\/#\/schema\/logo\/image\/\",\"url\":\"https:\/\/minneapolisschoolfinder.org\/es\/wp-content\/uploads\/sites\/2\/2022\/09\/cropped-msf-logo@2x-1.png\",\"contentUrl\":\"https:\/\/minneapolisschoolfinder.org\/es\/wp-content\/uploads\/sites\/2\/2022\/09\/cropped-msf-logo@2x-1.png\",\"width\":510,\"height\":378,\"caption\":\"Minneapolis School Finder (Spanish)\"},\"image\":{\"@id\":\"https:\/\/minneapolisschoolfinder.org\/es\/#\/schema\/logo\/image\/\"},\"sameAs\":[\"https:\/\/www.facebook.com\/MinneapolisSchoolFinder\/\",\"https:\/\/x.com\/greatmnschools\"]}]}<\/script>\n<!-- \/ Yoast SEO plugin. -->","yoast_head_json":{"title":"Participaci\u00f3n sostenida - Minneapolis School Finder (Spanish)","robots":{"index":"index","follow":"follow","max-snippet":"max-snippet:-1","max-image-preview":"max-image-preview:large","max-video-preview":"max-video-preview:-1"},"canonical":"https:\/\/minneapolisschoolfinder.org\/es\/participacion-sostenida\/","og_locale":"en_US","og_type":"article","og_title":"Participaci\u00f3n sostenida - Minneapolis School Finder (Spanish)","og_description":"La inscripci\u00f3n en una escuela es solo el primer paso para garantizar que su hijo est\u00e9 en el camino del \u00e9xito. Los padres y los tutores son los primeros docentes de un ni\u00f1o. Es fundamental que sigan siendo una parte esencial de la educaci\u00f3n de su hijo. Cuando los padres se involucran en la escuela, [...]Read More... from Participaci\u00f3n sostenida","og_url":"https:\/\/minneapolisschoolfinder.org\/es\/participacion-sostenida\/","og_site_name":"Minneapolis School Finder (Spanish)","article_publisher":"https:\/\/www.facebook.com\/MinneapolisSchoolFinder\/","article_modified_time":"2026-01-27T19:39:30+00:00","og_image":[{"url":"https:\/\/minneapolisschoolfinder.org\/wp-content\/uploads\/2025\/08\/schoolbus.png","type":"","width":"","height":""}],"twitter_card":"summary_large_image","twitter_site":"@greatmnschools","twitter_misc":{"Est. reading time":"2 minutes"},"schema":{"@context":"https:\/\/schema.org","@graph":[{"@type":"WebPage","@id":"https:\/\/minneapolisschoolfinder.org\/es\/participacion-sostenida\/","url":"https:\/\/minneapolisschoolfinder.org\/es\/participacion-sostenida\/","name":"Participaci\u00f3n sostenida - Minneapolis School Finder (Spanish)","isPartOf":{"@id":"https:\/\/minneapolisschoolfinder.org\/es\/#website"},"primaryImageOfPage":{"@id":"https:\/\/minneapolisschoolfinder.org\/es\/participacion-sostenida\/#primaryimage"},"image":{"@id":"https:\/\/minneapolisschoolfinder.org\/es\/participacion-sostenida\/#primaryimage"},"thumbnailUrl":"https:\/\/minneapolisschoolfinder.org\/wp-content\/uploads\/2025\/08\/schoolbus.png","datePublished":"2026-01-27T19:39:29+00:00","dateModified":"2026-01-27T19:39:30+00:00","breadcrumb":{"@id":"https:\/\/minneapolisschoolfinder.org\/es\/participacion-sostenida\/#breadcrumb"},"inLanguage":"en-US","potentialAction":[{"@type":"ReadAction","target":["https:\/\/minneapolisschoolfinder.org\/es\/participacion-sostenida\/"]}]},{"@type":"ImageObject","inLanguage":"en-US","@id":"https:\/\/minneapolisschoolfinder.org\/es\/participacion-sostenida\/#primaryimage","url":"https:\/\/minneapolisschoolfinder.org\/wp-content\/uploads\/2025\/08\/schoolbus.png","contentUrl":"https:\/\/minneapolisschoolfinder.org\/wp-content\/uploads\/2025\/08\/schoolbus.png"},{"@type":"BreadcrumbList","@id":"https:\/\/minneapolisschoolfinder.org\/es\/participacion-sostenida\/#breadcrumb","itemListElement":[{"@type":"ListItem","position":1,"name":"Home","item":"https:\/\/minneapolisschoolfinder.org\/es\/homepage\/find-a-school-that-fits\/"},{"@type":"ListItem","position":2,"name":"Participaci\u00f3n sostenida"}]},{"@type":"WebSite","@id":"https:\/\/minneapolisschoolfinder.org\/es\/#website","url":"https:\/\/minneapolisschoolfinder.org\/es\/","name":"Minneapolis School Finder (Spanish)","description":"","publisher":{"@id":"https:\/\/minneapolisschoolfinder.org\/es\/#organization"},"potentialAction":[{"@type":"SearchAction","target":{"@type":"EntryPoint","urlTemplate":"https:\/\/minneapolisschoolfinder.org\/es\/?s={search_term_string}"},"query-input":{"@type":"PropertyValueSpecification","valueRequired":true,"valueName":"search_term_string"}}],"inLanguage":"en-US"},{"@type":"Organization","@id":"https:\/\/minneapolisschoolfinder.org\/es\/#organization","name":"Minneapolis School Finder (Spanish)","url":"https:\/\/minneapolisschoolfinder.org\/es\/","logo":{"@type":"ImageObject","inLanguage":"en-US","@id":"https:\/\/minneapolisschoolfinder.org\/es\/#\/schema\/logo\/image\/","url":"https:\/\/minneapolisschoolfinder.org\/es\/wp-content\/uploads\/sites\/2\/2022\/09\/cropped-msf-logo@2x-1.png","contentUrl":"https:\/\/minneapolisschoolfinder.org\/es\/wp-content\/uploads\/sites\/2\/2022\/09\/cropped-msf-logo@2x-1.png","width":510,"height":378,"caption":"Minneapolis School Finder (Spanish)"},"image":{"@id":"https:\/\/minneapolisschoolfinder.org\/es\/#\/schema\/logo\/image\/"},"sameAs":["https:\/\/www.facebook.com\/MinneapolisSchoolFinder\/","https:\/\/x.com\/greatmnschools"]}]}},"_links":{"self":[{"href":"https:\/\/minneapolisschoolfinder.org\/es\/wp-json\/wp\/v2\/pages\/843","targetHints":{"allow":["GET"]}}],"collection":[{"href":"https:\/\/minneapolisschoolfinder.org\/es\/wp-json\/wp\/v2\/pages"}],"about":[{"href":"https:\/\/minneapolisschoolfinder.org\/es\/wp-json\/wp\/v2\/types\/page"}],"author":[{"embeddable":true,"href":"https:\/\/minneapolisschoolfinder.org\/es\/wp-json\/wp\/v2\/users\/1"}],"replies":[{"embeddable":true,"href":"https:\/\/minneapolisschoolfinder.org\/es\/wp-json\/wp\/v2\/comments?post=843"}],"version-history":[{"count":0,"href":"https:\/\/minneapolisschoolfinder.org\/es\/wp-json\/wp\/v2\/pages\/843\/revisions"}],"wp:attachment":[{"href":"https:\/\/minneapolisschoolfinder.org\/es\/wp-json\/wp\/v2\/media?parent=843"}],"curies":[{"name":"wp","href":"https:\/\/api.w.org\/{rel}","templated":true}]}}