{"id":832,"date":"2026-01-27T19:39:53","date_gmt":"2026-01-27T19:39:53","guid":{"rendered":"https:\/\/minneapolisschoolfinder.org\/es\/?page_id=832"},"modified":"2026-01-27T19:39:54","modified_gmt":"2026-01-27T19:39:54","slug":"pasos-para-elegir-una-escuela","status":"publish","type":"page","link":"https:\/\/minneapolisschoolfinder.org\/es\/pasos-para-elegir-una-escuela\/","title":{"rendered":"Pasos para elegir una escuela"},"content":{"rendered":"<div class=\"block-timeline\">\n  <div class=\"top-wrap\">\n    <h2>Inscripci\u00f3n escolar para el oto\u00f1o 2026 en Minneapolis<\/h2>          <img loading=\"lazy\" decoding=\"async\" src=\"https:\/\/minneapolisschoolfinder.org\/es\/wp-content\/uploads\/sites\/2\/2026\/01\/school.png\" width=\"699\" height=\"394\" alt=\"\">\n      <\/div>\n  <div class=\"items\">\n          <div class=\"timeline-item\">\n        <h3>Explorar<\/h3>        <div class='subtitle'>Verano 2025<\/div>        <div class='text'>Descubra qu\u00e9 prioridades tienen usted y su hijo al momento de elegir una escuela.<\/div>      <\/div>\n          <div class=\"timeline-item\">\n        <h3>Recorra escuelas<\/h3>        <div class='subtitle'>Oto\u00f1o 2025 al invierno 2026<\/div>        <div class='text'>Visite las escuelas que haya seleccionado.<\/div>      <\/div>\n          <div class=\"timeline-item\">\n        <h3>Presente su solicitud<\/h3>        <div class='subtitle'>Febrero 2026<\/div>        <div class='text'>Presente su solicitud para las primeras dos o tres escuelas en su lista.<\/div>      <\/div>\n          <div class=\"timeline-item\">\n        <h3>Obtenga los resultados<\/h3>        <div class='subtitle'>Primavera 2026<\/div>        <div class='text'>Conozca a qu\u00e9 escuela asistir\u00e1 su hijo.<\/div>      <\/div>\n          <div class=\"timeline-item\">\n        <h3>\u00a1Es hora de comenzar las clases!<\/h3>        <div class='subtitle'>Oto\u00f1o 2026<\/div>        <div class='text'>Apoye el recorrido educativo de su hijo.<\/div>      <\/div>\n          <\/div>\n<\/div>\n\n\n<div class=\"block-sticky-menu\">\n  <ul>\n          <li>\n        <a  href=\"https:\/\/minneapolisschoolfinder.org\/es\/pasos-para-elegir-una-escuela\/\">\n          Pasos    \n        <\/a>\n      <\/li>\n          <li>\n        <a  href=\"https:\/\/minneapolisschoolfinder.org\/es\/nueve-elementos-de-una-gran-escuela\/\">\n          Elementos    \n        <\/a>\n      <\/li>\n          <li>\n        <a  href=\"https:\/\/minneapolisschoolfinder.org\/es\/participacion-sostenida\/\">\n          Comprometer    \n        <\/a>\n      <\/li>\n          <li>\n        <a  href=\"https:\/\/minneapolisschoolfinder.org\/es\/glosario\">\n          Glosario    \n        <\/a>\n      <\/li>\n      <\/ul>\n<\/div>\n<div class=\"block-sticky-menu-placeholder\"><\/div>\n\n\n\n<div style=\"height:64px\" aria-hidden=\"true\" class=\"wp-block-spacer\"><\/div>\n\n\n\n<h2 class=\"wp-block-heading\">Paso&nbsp;1: piense en su hijo<\/h2>\n\n\n\n<div class=\"wp-block-media-text is-stacked-on-mobile\" style=\"grid-template-columns:40% auto\"><figure class=\"wp-block-media-text__media\"><img decoding=\"async\" src=\"https:\/\/minneapolisschoolfinder.org\/wp-content\/uploads\/2025\/08\/student-at-school.png\" alt=\"Child writing at their desk at school.\" class=\"wp-image-2250 size-full\" \/><\/figure><div class=\"wp-block-media-text__content\">\n<p>Piense en lo que usted y su hijo necesitan para tener \u00e9xito en la escuela. Las respuestas a estas preguntas ser\u00e1n \u00fatiles para descubrir qu\u00e9 busca.<\/p>\n\n\n\n<p>\u00bfQu\u00e9 es lo m\u00e1s importante para usted y su hijo en una escuela? Ninguna escuela es perfecta y cada una ofrece cosas diferentes. Piense en dos o tres cosas que m\u00e1s le importan a la hora de buscar una escuela y considere solo las escuelas que las tengan. Eche un vistazo a los <a href=\"https:\/\/docs.google.com\/document\/d\/1ufQkZeAu5aExDh2S37VP2CzK5kdHsKxI\/edit#heading=h.u2zoreirsc5v\">Nueve elementos de una gran escuela<\/a> para descubrir algunas cosas que puede considerar.<\/p>\n<\/div><\/div>\n\n\n  <div class=\"block-text-callout background-color-blue\">\n    <h4>Responde a estas preguntas:<\/h4>\n<ul>\n<li>\u00bfQu\u00e9 le genera entusiasmo a mi hijo?<\/li>\n<li>\u00bfQu\u00e9 es lo que m\u00e1s le gusta de la escuela a mi hijo?<\/li>\n<li>\u00bfQu\u00e9 es lo que le resulta m\u00e1s desafiante de la escuela a mi hijo?<\/li>\n<li>\u00bfC\u00f3mo aprende mi hijo?<\/li>\n<li>\u00bfQu\u00e9 quiere hacer mi hijo despu\u00e9s de graduarse de la escuela secundaria?<\/li>\n<li>\u00bfQu\u00e9 es lo m\u00e1s importante para usted en una escuela? \u00bfQu\u00e9 es lo m\u00e1s importante que su hijo debe aprender?<\/li>\n<\/ul>\n  <\/div>\n\n\n\n\n<div style=\"height:64px\" aria-hidden=\"true\" class=\"wp-block-spacer\"><\/div>\n\n\n\n<h2 class=\"wp-block-heading\">Paso&nbsp;2: Investigue las escuelas<\/h2>\n\n\n\n<div style=\"height:16px\" aria-hidden=\"true\" class=\"wp-block-spacer\"><\/div>\n\n\n\n<h3 class=\"wp-block-heading\">1. Use el Buscador de escuelas de Minneapolis para comenzar su b\u00fasqueda.<\/h3>\n\n\n\n<p>Ingrese a <a href=\"\/\">MinneapolisSchoolFinder.org<\/a> para usar las funciones de b\u00fasqueda y los filtros.<\/p>\n\n\n<div class=\"wp-block-image\">\n<figure class=\"alignleft size-large\"><img decoding=\"async\" src=\"https:\/\/minneapolisschoolfinder.org\/wp-content\/uploads\/2025\/08\/msf-homepage-1024x727.png\" alt=\"\" class=\"wp-image-2251\" \/><figcaption class=\"wp-element-caption\"><strong>  \u2022<\/strong> Ingrese su direcci\u00f3n. Esto le permite ordenar los resultados seg\u00fan la distancia a su casa.<br><strong>  \u2022<\/strong> Seleccione el grado al que asistir\u00e1 su hijo el pr\u00f3ximo a\u00f1o escolar.<br><strong>  \u2022<\/strong> Haga clic en <em>Search<\/em> (Buscar) para ver los resultados.<\/figcaption><\/figure>\n<\/div>\n\n\n<div style=\"height:16px\" aria-hidden=\"true\" class=\"wp-block-spacer\"><\/div>\n\n\n\n<h3 class=\"wp-block-heading\">2. Filtre los resultados de la b\u00fasqueda usando los filtros <em>Transportation<\/em> (Transporte) y <em>More<\/em> (M\u00e1s).<\/h3>\n\n\n\n<figure class=\"wp-block-image size-large\"><img decoding=\"async\" src=\"https:\/\/minneapolisschoolfinder.org\/wp-content\/uploads\/2025\/08\/transporation-1024x726.png\" alt=\"\" class=\"wp-image-2252\" \/><figcaption class=\"wp-element-caption\">El filtro <em>Transportation<\/em> (Transporte)<em> <\/em>le permite ver las escuelas que ofrecen transporte en autob\u00fas.<\/figcaption><\/figure>\n\n\n\n<figure class=\"wp-block-image size-large\"><img decoding=\"async\" src=\"https:\/\/minneapolisschoolfinder.org\/wp-content\/uploads\/2025\/08\/more-1024x727.png\" alt=\"\" class=\"wp-image-2253\" \/><figcaption class=\"wp-element-caption\">Filtre seg\u00fan otros criterios en <em>More<\/em> (M\u00e1s), como los programas acad\u00e9micos que se ofrecen, las actividades extracurriculares, los requisitos de uniforme y el costo de la matr\u00edcula.<\/figcaption><\/figure>\n\n\n\n<div style=\"height:16px\" aria-hidden=\"true\" class=\"wp-block-spacer\"><\/div>\n\n\n\n<h3 class=\"wp-block-heading\">3. Conozca m\u00e1s sobre una escuela haciendo clic en su perfil.<\/h3>\n\n\n\n<figure class=\"wp-block-image size-large\"><img decoding=\"async\" src=\"https:\/\/minneapolisschoolfinder.org\/wp-content\/uploads\/2025\/08\/profile-1024x824.png\" alt=\"\" class=\"wp-image-2254\" \/><figcaption class=\"wp-element-caption\"><strong>  \u2022<\/strong> Descubra detalles de la escuela, como el horario de clases, la direcci\u00f3n y la informaci\u00f3n de contacto en la parte superior.<br><strong>  \u2022<\/strong> Tambi\u00e9n puede ver la calificaci\u00f3n de una escuela para tener una idea de su desempe\u00f1o.<br><strong>  \u2022<\/strong> Puede ver m\u00e1s detalles en <em>About<\/em> (Acerca), <em>Academics<\/em> (Programa acad\u00e9mico), <em>Climate<\/em> (Clima) o <em>Equity<\/em> (Igualdad).<br><strong>     \u2022<\/strong> Busque los \u00edconos <img decoding=\"async\" class=\"wp-image-2255\" style=\"width: 21px\" src=\"https:\/\/minneapolisschoolfinder.org\/wp-content\/uploads\/2025\/08\/info.png\" alt=\"Information icon.\"> y  <img decoding=\"async\" class=\"wp-image-2256\" style=\"width: 21px\" src=\"https:\/\/minneapolisschoolfinder.org\/wp-content\/uploads\/2025\/08\/video.png\" alt=\"Information icon.\"> en cada secci\u00f3n para ver informaci\u00f3n m\u00e1s detallada.<\/figcaption><\/figure>\n\n\n\n<div style=\"height:16px\" aria-hidden=\"true\" class=\"wp-block-spacer\"><\/div>\n\n\n\n<h3 class=\"wp-block-heading\">4. Si necesita ayuda, consulte la secci\u00f3n <a href=\"https:\/\/minneapolisschoolfinder.org\/es\/participacion-sostenida\/\">Uso de recursos y personas<\/a>.<\/h3>\n\n\n\n<div style=\"height:64px\" aria-hidden=\"true\" class=\"wp-block-spacer\"><\/div>\n\n\n\n<h2 class=\"wp-block-heading\">Paso&nbsp;3: hable con miembros de las escuelas<\/h2>\n\n\n\n<div class=\"wp-block-media-text is-stacked-on-mobile\" style=\"grid-template-columns:40% auto\"><figure class=\"wp-block-media-text__media\"><img decoding=\"async\" src=\"https:\/\/minneapolisschoolfinder.org\/wp-content\/uploads\/2025\/08\/fair.png\" alt=\"Child and parent at the Minneapolis School Finder Fair.\" class=\"wp-image-2260 size-full\" \/><\/figure><div class=\"wp-block-media-text__content\">\n<p>El Buscador de escuelas de Minneapolis es un punto de inicio y tiene mucha informaci\u00f3n, pero nada le dir\u00e1 m\u00e1s sobre una escuela que visitarlas y hablar con las personas que trabajan en ella. Hable con miembros de cada escuela que est\u00e9 considerando para su hijo y visite las que m\u00e1s le entusiasmen.<\/p>\n\n\n\n<p>Un gran lugar para hablar es durante la <a href=\"https:\/\/minneapolisschoolfinder.org\/es\/feria-de-buscadores-de-escuelas\/\">Feria anual del Buscador de escuelas de Minneapolis<\/a>, que se lleva a cabo cada enero en Minneapolis College.<\/p>\n\n\n\n<div class=\"wp-block-buttons is-layout-flex wp-block-buttons-is-layout-flex\">\n<div class=\"wp-block-button\"><a class=\"wp-block-button__link wp-element-button\" href=\"https:\/\/minneapolisschoolfinder.org\/es\/feria-de-buscadores-de-escuelas\/\">Informaci\u00f3n sobre la Feria de escuelas e inscripci\u00f3n<\/a><\/div>\n<\/div>\n<\/div><\/div>\n\n\n\n<div style=\"height:32px\" aria-hidden=\"true\" class=\"wp-block-spacer\"><\/div>\n\n\n\n<p>Al momento de elegir una escuela, debe sentir que tiene toda la informaci\u00f3n que necesita para tomar la decisi\u00f3n correcta. Haga muchas preguntas cuando hable con el personal de las escuelas. Consulte los <a href=\"https:\/\/minneapolisschoolfinder.org\/es\/nueve-elementos-de-una-gran-escuela\/\">Nueve&nbsp;elementos de una gran escuela<\/a> para obtener preguntas con las que puede empezar la conversaci\u00f3n.<\/p>\n\n\n\n<div style=\"height:64px\" aria-hidden=\"true\" class=\"wp-block-spacer\"><\/div>\n\n\n\n<h2 class=\"wp-block-heading\">Paso&nbsp;4: dec\u00eddase por una escuela, presente la solicitud e inscriba a su hijo<\/h2>\n\n\n\n<div class=\"wp-block-media-text is-stacked-on-mobile\" style=\"grid-template-columns:40% auto\"><figure class=\"wp-block-media-text__media\"><img decoding=\"async\" src=\"https:\/\/minneapolisschoolfinder.org\/wp-content\/uploads\/2025\/08\/classroom.png\" alt=\"Children listening to the teacher in a classroom.\" class=\"wp-image-2261 size-full\" \/><\/figure><div class=\"wp-block-media-text__content\">\n<p>Presente una solicitud en dos o tres&nbsp;escuelas para asegurarse de que su hijo tenga un lugar en una escuela que a usted le entusiasme. En el perfil de cada escuela encontrar\u00e1 un enlace para ir a la aplicaci\u00f3n y al sitio de inscripci\u00f3n de cada una. Luego de que acepten a su hijo en varias escuelas, decida en cu\u00e1l desea que estudie su hijo e inscr\u00edbalo solo en esa.<\/p>\n\n\n\n<p>Cada escuela tiene diferentes pasos para inscribirse. En general, las escuelas de Minneapolis cierran sus inscripciones en <strong>febrero<\/strong>. Es importante presentar solicitudes antes del cierre para asegurarse de que su hijo tenga m\u00e1s posibilidades de que lo acepten. Las escuelas pueden permitirle inscribirse despu\u00e9s de ese plazo, pero tendr\u00e1 menos probabilidades de que lo acepten si se llena el cupo.<\/p>\n<\/div><\/div>\n\n\n\n<div style=\"height:64px\" aria-hidden=\"true\" class=\"wp-block-spacer\"><\/div>\n\n\n\n<div class=\"wp-block-media-text is-stacked-on-mobile\" style=\"grid-template-columns:40% auto\"><figure class=\"wp-block-media-text__media\"><img decoding=\"async\" src=\"https:\/\/minneapolisschoolfinder.org\/wp-content\/uploads\/2025\/08\/schoolbus.png\" alt=\"Smiling students getting off the school bus.\" class=\"wp-image-2262 size-full\" \/><\/figure><div class=\"wp-block-media-text__content\">\n<h2 class=\"wp-block-heading\">Busque el lugar donde su hijo podr\u00e1 desarrollarse mejor<\/h2>\n\n\n\n<p>Use el <a href=\"\/\">Buscador de escuelas de Minneapolis<\/a> para descubrir las mejores opciones o inscr\u00edbase en la <a href=\"https:\/\/minneapolisschoolfinder.org\/es\/feria-de-buscadores-de-escuelas\/\">Feria del buscador de escuelas del k\u00ednder al 12&nbsp;grado de Minneapolis<\/a>. Consulte las <a href=\"https:\/\/gradeguides.greatmnschools.org\/es\/\">Gu\u00edas para las familias sobre las normas de Minnesota<\/a> para ver si su hijo est\u00e1 bien encaminado para el pr\u00f3ximo grado.<\/p>\n\n\n\n<div class=\"wp-block-buttons is-layout-flex wp-block-buttons-is-layout-flex\">\n<div class=\"wp-block-button\"><a class=\"wp-block-button__link wp-element-button\" href=\"https:\/\/minneapolisschoolfinder.org\/\">Encuentre una escuela<\/a><\/div>\n<\/div>\n<\/div><\/div>\n\n\n\n<p><\/p>\n","protected":false},"excerpt":{"rendered":"<p>Paso&nbsp;1: piense en su hijo Piense en lo que usted y su hijo necesitan para tener \u00e9xito en la escuela. Las respuestas a estas preguntas ser\u00e1n \u00fatiles para descubrir qu\u00e9 busca. \u00bfQu\u00e9 es lo m\u00e1s importante para usted y su hijo en una escuela? Ninguna escuela es perfecta y cada una ofrece cosas diferentes. Piense [&#8230;]<\/p>\n<p><a class=\"btn btn-secondary understrap-read-more-link\" href=\"https:\/\/minneapolisschoolfinder.org\/es\/pasos-para-elegir-una-escuela\/\">Read More&#8230;<span class=\"screen-reader-text\"> from Pasos para elegir una escuela<\/span><\/a><\/p>\n","protected":false},"author":1,"featured_media":0,"parent":0,"menu_order":0,"comment_status":"closed","ping_status":"closed","template":"","meta":{"_acf_changed":true,"editor_notices":[],"footnotes":""},"class_list":["post-832","page","type-page","status-publish","hentry"],"acf":[],"yoast_head":"<!-- This site is optimized with the Yoast SEO plugin v27.2 - https:\/\/yoast.com\/product\/yoast-seo-wordpress\/ -->\n<title>Pasos para elegir una escuela - Minneapolis School Finder (Spanish)<\/title>\n<meta name=\"robots\" content=\"index, follow, max-snippet:-1, max-image-preview:large, max-video-preview:-1\" \/>\n<link rel=\"canonical\" href=\"https:\/\/minneapolisschoolfinder.org\/es\/pasos-para-elegir-una-escuela\/\" \/>\n<meta property=\"og:locale\" content=\"en_US\" \/>\n<meta property=\"og:type\" content=\"article\" \/>\n<meta property=\"og:title\" content=\"Pasos para elegir una escuela - Minneapolis School Finder (Spanish)\" \/>\n<meta property=\"og:description\" content=\"Paso&nbsp;1: piense en su hijo Piense en lo que usted y su hijo necesitan para tener \u00e9xito en la escuela. Las respuestas a estas preguntas ser\u00e1n \u00fatiles para descubrir qu\u00e9 busca. \u00bfQu\u00e9 es lo m\u00e1s importante para usted y su hijo en una escuela? Ninguna escuela es perfecta y cada una ofrece cosas diferentes. Piense [...]Read More... from Pasos para elegir una escuela\" \/>\n<meta property=\"og:url\" content=\"https:\/\/minneapolisschoolfinder.org\/es\/pasos-para-elegir-una-escuela\/\" \/>\n<meta property=\"og:site_name\" content=\"Minneapolis School Finder (Spanish)\" \/>\n<meta property=\"article:publisher\" content=\"https:\/\/www.facebook.com\/MinneapolisSchoolFinder\/\" \/>\n<meta property=\"article:modified_time\" content=\"2026-01-27T19:39:54+00:00\" \/>\n<meta property=\"og:image\" content=\"https:\/\/minneapolisschoolfinder.org\/wp-content\/uploads\/2025\/08\/student-at-school.png\" \/>\n<meta name=\"twitter:card\" content=\"summary_large_image\" \/>\n<meta name=\"twitter:site\" content=\"@greatmnschools\" \/>\n<meta name=\"twitter:label1\" content=\"Est. reading time\" \/>\n\t<meta name=\"twitter:data1\" content=\"5 minutes\" \/>\n<script type=\"application\/ld+json\" class=\"yoast-schema-graph\">{\"@context\":\"https:\/\/schema.org\",\"@graph\":[{\"@type\":\"WebPage\",\"@id\":\"https:\/\/minneapolisschoolfinder.org\/es\/pasos-para-elegir-una-escuela\/\",\"url\":\"https:\/\/minneapolisschoolfinder.org\/es\/pasos-para-elegir-una-escuela\/\",\"name\":\"Pasos para elegir una escuela - Minneapolis School Finder (Spanish)\",\"isPartOf\":{\"@id\":\"https:\/\/minneapolisschoolfinder.org\/es\/#website\"},\"primaryImageOfPage\":{\"@id\":\"https:\/\/minneapolisschoolfinder.org\/es\/pasos-para-elegir-una-escuela\/#primaryimage\"},\"image\":{\"@id\":\"https:\/\/minneapolisschoolfinder.org\/es\/pasos-para-elegir-una-escuela\/#primaryimage\"},\"thumbnailUrl\":\"https:\/\/minneapolisschoolfinder.org\/wp-content\/uploads\/2025\/08\/student-at-school.png\",\"datePublished\":\"2026-01-27T19:39:53+00:00\",\"dateModified\":\"2026-01-27T19:39:54+00:00\",\"breadcrumb\":{\"@id\":\"https:\/\/minneapolisschoolfinder.org\/es\/pasos-para-elegir-una-escuela\/#breadcrumb\"},\"inLanguage\":\"en-US\",\"potentialAction\":[{\"@type\":\"ReadAction\",\"target\":[\"https:\/\/minneapolisschoolfinder.org\/es\/pasos-para-elegir-una-escuela\/\"]}]},{\"@type\":\"ImageObject\",\"inLanguage\":\"en-US\",\"@id\":\"https:\/\/minneapolisschoolfinder.org\/es\/pasos-para-elegir-una-escuela\/#primaryimage\",\"url\":\"https:\/\/minneapolisschoolfinder.org\/wp-content\/uploads\/2025\/08\/student-at-school.png\",\"contentUrl\":\"https:\/\/minneapolisschoolfinder.org\/wp-content\/uploads\/2025\/08\/student-at-school.png\"},{\"@type\":\"BreadcrumbList\",\"@id\":\"https:\/\/minneapolisschoolfinder.org\/es\/pasos-para-elegir-una-escuela\/#breadcrumb\",\"itemListElement\":[{\"@type\":\"ListItem\",\"position\":1,\"name\":\"Home\",\"item\":\"https:\/\/minneapolisschoolfinder.org\/es\/homepage\/find-a-school-that-fits\/\"},{\"@type\":\"ListItem\",\"position\":2,\"name\":\"Pasos para elegir una escuela\"}]},{\"@type\":\"WebSite\",\"@id\":\"https:\/\/minneapolisschoolfinder.org\/es\/#website\",\"url\":\"https:\/\/minneapolisschoolfinder.org\/es\/\",\"name\":\"Minneapolis School Finder (Spanish)\",\"description\":\"\",\"publisher\":{\"@id\":\"https:\/\/minneapolisschoolfinder.org\/es\/#organization\"},\"potentialAction\":[{\"@type\":\"SearchAction\",\"target\":{\"@type\":\"EntryPoint\",\"urlTemplate\":\"https:\/\/minneapolisschoolfinder.org\/es\/?s={search_term_string}\"},\"query-input\":{\"@type\":\"PropertyValueSpecification\",\"valueRequired\":true,\"valueName\":\"search_term_string\"}}],\"inLanguage\":\"en-US\"},{\"@type\":\"Organization\",\"@id\":\"https:\/\/minneapolisschoolfinder.org\/es\/#organization\",\"name\":\"Minneapolis School Finder (Spanish)\",\"url\":\"https:\/\/minneapolisschoolfinder.org\/es\/\",\"logo\":{\"@type\":\"ImageObject\",\"inLanguage\":\"en-US\",\"@id\":\"https:\/\/minneapolisschoolfinder.org\/es\/#\/schema\/logo\/image\/\",\"url\":\"https:\/\/minneapolisschoolfinder.org\/es\/wp-content\/uploads\/sites\/2\/2022\/09\/cropped-msf-logo@2x-1.png\",\"contentUrl\":\"https:\/\/minneapolisschoolfinder.org\/es\/wp-content\/uploads\/sites\/2\/2022\/09\/cropped-msf-logo@2x-1.png\",\"width\":510,\"height\":378,\"caption\":\"Minneapolis School Finder (Spanish)\"},\"image\":{\"@id\":\"https:\/\/minneapolisschoolfinder.org\/es\/#\/schema\/logo\/image\/\"},\"sameAs\":[\"https:\/\/www.facebook.com\/MinneapolisSchoolFinder\/\",\"https:\/\/x.com\/greatmnschools\"]}]}<\/script>\n<!-- \/ Yoast SEO plugin. -->","yoast_head_json":{"title":"Pasos para elegir una escuela - Minneapolis School Finder (Spanish)","robots":{"index":"index","follow":"follow","max-snippet":"max-snippet:-1","max-image-preview":"max-image-preview:large","max-video-preview":"max-video-preview:-1"},"canonical":"https:\/\/minneapolisschoolfinder.org\/es\/pasos-para-elegir-una-escuela\/","og_locale":"en_US","og_type":"article","og_title":"Pasos para elegir una escuela - Minneapolis School Finder (Spanish)","og_description":"Paso&nbsp;1: piense en su hijo Piense en lo que usted y su hijo necesitan para tener \u00e9xito en la escuela. Las respuestas a estas preguntas ser\u00e1n \u00fatiles para descubrir qu\u00e9 busca. \u00bfQu\u00e9 es lo m\u00e1s importante para usted y su hijo en una escuela? Ninguna escuela es perfecta y cada una ofrece cosas diferentes. Piense [...]Read More... from Pasos para elegir una escuela","og_url":"https:\/\/minneapolisschoolfinder.org\/es\/pasos-para-elegir-una-escuela\/","og_site_name":"Minneapolis School Finder (Spanish)","article_publisher":"https:\/\/www.facebook.com\/MinneapolisSchoolFinder\/","article_modified_time":"2026-01-27T19:39:54+00:00","og_image":[{"url":"https:\/\/minneapolisschoolfinder.org\/wp-content\/uploads\/2025\/08\/student-at-school.png","type":"","width":"","height":""}],"twitter_card":"summary_large_image","twitter_site":"@greatmnschools","twitter_misc":{"Est. reading time":"5 minutes"},"schema":{"@context":"https:\/\/schema.org","@graph":[{"@type":"WebPage","@id":"https:\/\/minneapolisschoolfinder.org\/es\/pasos-para-elegir-una-escuela\/","url":"https:\/\/minneapolisschoolfinder.org\/es\/pasos-para-elegir-una-escuela\/","name":"Pasos para elegir una escuela - Minneapolis School Finder (Spanish)","isPartOf":{"@id":"https:\/\/minneapolisschoolfinder.org\/es\/#website"},"primaryImageOfPage":{"@id":"https:\/\/minneapolisschoolfinder.org\/es\/pasos-para-elegir-una-escuela\/#primaryimage"},"image":{"@id":"https:\/\/minneapolisschoolfinder.org\/es\/pasos-para-elegir-una-escuela\/#primaryimage"},"thumbnailUrl":"https:\/\/minneapolisschoolfinder.org\/wp-content\/uploads\/2025\/08\/student-at-school.png","datePublished":"2026-01-27T19:39:53+00:00","dateModified":"2026-01-27T19:39:54+00:00","breadcrumb":{"@id":"https:\/\/minneapolisschoolfinder.org\/es\/pasos-para-elegir-una-escuela\/#breadcrumb"},"inLanguage":"en-US","potentialAction":[{"@type":"ReadAction","target":["https:\/\/minneapolisschoolfinder.org\/es\/pasos-para-elegir-una-escuela\/"]}]},{"@type":"ImageObject","inLanguage":"en-US","@id":"https:\/\/minneapolisschoolfinder.org\/es\/pasos-para-elegir-una-escuela\/#primaryimage","url":"https:\/\/minneapolisschoolfinder.org\/wp-content\/uploads\/2025\/08\/student-at-school.png","contentUrl":"https:\/\/minneapolisschoolfinder.org\/wp-content\/uploads\/2025\/08\/student-at-school.png"},{"@type":"BreadcrumbList","@id":"https:\/\/minneapolisschoolfinder.org\/es\/pasos-para-elegir-una-escuela\/#breadcrumb","itemListElement":[{"@type":"ListItem","position":1,"name":"Home","item":"https:\/\/minneapolisschoolfinder.org\/es\/homepage\/find-a-school-that-fits\/"},{"@type":"ListItem","position":2,"name":"Pasos para elegir una escuela"}]},{"@type":"WebSite","@id":"https:\/\/minneapolisschoolfinder.org\/es\/#website","url":"https:\/\/minneapolisschoolfinder.org\/es\/","name":"Minneapolis School Finder (Spanish)","description":"","publisher":{"@id":"https:\/\/minneapolisschoolfinder.org\/es\/#organization"},"potentialAction":[{"@type":"SearchAction","target":{"@type":"EntryPoint","urlTemplate":"https:\/\/minneapolisschoolfinder.org\/es\/?s={search_term_string}"},"query-input":{"@type":"PropertyValueSpecification","valueRequired":true,"valueName":"search_term_string"}}],"inLanguage":"en-US"},{"@type":"Organization","@id":"https:\/\/minneapolisschoolfinder.org\/es\/#organization","name":"Minneapolis School Finder (Spanish)","url":"https:\/\/minneapolisschoolfinder.org\/es\/","logo":{"@type":"ImageObject","inLanguage":"en-US","@id":"https:\/\/minneapolisschoolfinder.org\/es\/#\/schema\/logo\/image\/","url":"https:\/\/minneapolisschoolfinder.org\/es\/wp-content\/uploads\/sites\/2\/2022\/09\/cropped-msf-logo@2x-1.png","contentUrl":"https:\/\/minneapolisschoolfinder.org\/es\/wp-content\/uploads\/sites\/2\/2022\/09\/cropped-msf-logo@2x-1.png","width":510,"height":378,"caption":"Minneapolis School Finder (Spanish)"},"image":{"@id":"https:\/\/minneapolisschoolfinder.org\/es\/#\/schema\/logo\/image\/"},"sameAs":["https:\/\/www.facebook.com\/MinneapolisSchoolFinder\/","https:\/\/x.com\/greatmnschools"]}]}},"_links":{"self":[{"href":"https:\/\/minneapolisschoolfinder.org\/es\/wp-json\/wp\/v2\/pages\/832","targetHints":{"allow":["GET"]}}],"collection":[{"href":"https:\/\/minneapolisschoolfinder.org\/es\/wp-json\/wp\/v2\/pages"}],"about":[{"href":"https:\/\/minneapolisschoolfinder.org\/es\/wp-json\/wp\/v2\/types\/page"}],"author":[{"embeddable":true,"href":"https:\/\/minneapolisschoolfinder.org\/es\/wp-json\/wp\/v2\/users\/1"}],"replies":[{"embeddable":true,"href":"https:\/\/minneapolisschoolfinder.org\/es\/wp-json\/wp\/v2\/comments?post=832"}],"version-history":[{"count":0,"href":"https:\/\/minneapolisschoolfinder.org\/es\/wp-json\/wp\/v2\/pages\/832\/revisions"}],"wp:attachment":[{"href":"https:\/\/minneapolisschoolfinder.org\/es\/wp-json\/wp\/v2\/media?parent=832"}],"curies":[{"name":"wp","href":"https:\/\/api.w.org\/{rel}","templated":true}]}}