{"id":603,"date":"2024-09-26T16:07:21","date_gmt":"2024-09-26T16:07:21","guid":{"rendered":"https:\/\/minneapolisschoolfinder.org\/es\/?page_id=603"},"modified":"2025-01-24T20:42:16","modified_gmt":"2025-01-24T20:42:16","slug":"faq","status":"publish","type":"page","link":"https:\/\/minneapolisschoolfinder.org\/es\/faq\/","title":{"rendered":"FAQ"},"content":{"rendered":"\n<h2 class=\"wp-block-heading\"><strong><u>Acerca del MSF<\/u><\/strong><\/h2>\n\n\n<div class=\"block-accordion\">\n  \n      <details class=\"accordion\">\n      <summary>\n        <h2>\u00bfC\u00f3mo uso el Minneapolis School Finder? <\/h2>\n      <\/summary>\n      <div class=\"details-wrapper\">\n        <p>En la <a href=\"https:\/\/minneapolisschoolfinder.org\/es\/\">p\u00e1gina de inicio<\/a> ingrese su direcci\u00f3n y seleccione los grados escolares que le interesan. Una vez que aparezcan los resultados de su b\u00fasqueda inicial, usted puede filtrar en funci\u00f3n del transporte, los programas ofrecidos, el costo de la matr\u00edcula y mucho m\u00e1s. Cuando est\u00e9 listo, puede empezar a explorar las escuelas. Haga clic en una escuela para ver su perfil. Cada perfil contiene informaci\u00f3n detallada sobre el desempe\u00f1o acad\u00e9mico, el clima escolar y las iniciativas en favor de la equidad. Tambi\u00e9n puede encontrar la informaci\u00f3n de contacto de la escuela y el enlace para la matriculaci\u00f3n.<\/p>\n      <\/div>\n    <\/details>\n      <details class=\"accordion\">\n      <summary>\n        <h2>\u00bfC\u00f3mo decido qu\u00e9 escuela es mejor para mi hijo?<\/h2>\n      <\/summary>\n      <div class=\"details-wrapper\">\n        <p>El Minneapolis School Finder tiene todo lo que usted necesita para ayudarlo a encontrar la escuela adecuada. Consulte la <a href=\"https:\/\/minneapolisschoolfinder.org\/es\/como-elegir-una-escuela\/\">gu\u00eda: C\u00f3mo elegir una escuela<\/a> para empezar a identificar qu\u00e9 factores son importantes para usted y su hijo.<\/p>\n      <\/div>\n    <\/details>\n      <details class=\"accordion\">\n      <summary>\n        <h2>\u00bfCu\u00e1l es el proceso de matriculaci\u00f3n?<\/h2>\n      <\/summary>\n      <div class=\"details-wrapper\">\n        <p>El proceso de matriculaci\u00f3n es diferentede una escuela a otra, pero por lo general la fecha l\u00edmite de matriculaci\u00f3n para el a\u00f1o escolar 2025-2026 ser\u00e1 en febrero del\u00a02025.<\/p>\n      <\/div>\n    <\/details>\n      <details class=\"accordion\">\n      <summary>\n        <h2>Encontr\u00e9 una escuela que me interesa. \u00bfQu\u00e9 hago ahora?<\/h2>\n      <\/summary>\n      <div class=\"details-wrapper\">\n        <p>Una vez que haya identificado una escuela sobre la que desea obtener m\u00e1s informaci\u00f3n, suele ser \u00fatil visitarla en persona para conocer a los maestrosy al personal. Comun\u00edquese con su oficina de matriculaci\u00f3n para programar una visita. Encontrar\u00e1 la informaci\u00f3n de contacto en el perfil de la escuela. Haga clic en \u201cEnlace para matricularse\u201d o llame al n\u00famero de tel\u00e9fono indicado.<\/p>\n      <\/div>\n    <\/details>\n      <details class=\"accordion\">\n      <summary>\n        <h2>\u00bfTengo que preocuparme por las listas de espera?<\/h2>\n      <\/summary>\n      <div class=\"details-wrapper\">\n        <p>Todas las escuelas que figuran en el Minneapolis School Finder est\u00e1n aqu\u00ed porque quieren matricular a su hijo. Si bien algunas escuelas tienen listas de espera para determinados grados, muchas tienen cupo para su hijo. Para saber si una escuela tiene una lista de espera activa, comun\u00edquese con el contacto de matriculaci\u00f3n que se indica en su perfil del Minneapolis School Finder.<\/p>\n      <\/div>\n    <\/details>\n      <details class=\"accordion\">\n      <summary>\n        <h2>\u00bfQu\u00e9 edad debe tener mi hijo para empezar el k\u00ednder?<\/h2>\n      <\/summary>\n      <div class=\"details-wrapper\">\n        <p>Para poder empezar el k\u00ednder, los ni\u00f1os deben tener como m\u00ednimo 5\u00a0a\u00f1os de edad el 1\u00a0de septiembre del\u00a02025. Esto significa que su hijo puede entrar al k\u00ednder si naci\u00f3 el 1\u00a0de septiembre del\u00a02020 o antes. En algunos casos excepcionales, los ni\u00f1os menores de 5\u00a0a\u00f1os pueden empezar el k\u00ednder. Para saber si esta opci\u00f3n es v\u00e1lida para su hijo, comun\u00edquese con su escuela.<\/p>\n      <\/div>\n    <\/details>\n      <details class=\"accordion\">\n      <summary>\n        <h2>\u00bfD\u00f3nde puedo encontrar informaci\u00f3n sobre un programa de preescolar para mi hijo?<\/h2>\n      <\/summary>\n      <div class=\"details-wrapper\">\n        <p><a href=\"https:\/\/www.parentaware.org\/\">Parent Aware<\/a> ofrece informaci\u00f3n sobre opciones de guarder\u00eda y preescolar para familias con beb\u00e9s y ni\u00f1os peque\u00f1os.<\/p>\n      <\/div>\n    <\/details>\n      <details class=\"accordion\">\n      <summary>\n        <h2>\u00bfPor qu\u00e9 algunas escuelas aparecen en el Minneapolis School Finder y otras no? <\/h2>\n      <\/summary>\n      <div class=\"details-wrapper\">\n        <p>El Minneapolis School Finder es una herramienta al servicio de los padres y las familias de Minneapolis. Las escuelas se incluyen si cumplen uno de los siguientes criterios:<\/p>\n<ul>\n<li>Se encuentran dentro de los l\u00edmites de la ciudad de Minneapolis.<\/li>\n<li>Ofrecen servicio de transporte a Minneapolis y deciden participar.<\/li>\n<\/ul>\n<p>Si su escuela cumple los criterios anteriores y desea que la incluyamos en la pr\u00f3xima edici\u00f3n del Minneapolis School Finder, escr\u00edbanos a info@minneapolisschoolfinder.org.<\/p>\n      <\/div>\n    <\/details>\n      <details class=\"accordion\">\n      <summary>\n        <h2>\u00bfPor qu\u00e9 hay escuelas privadas? <\/h2>\n      <\/summary>\n      <div class=\"details-wrapper\">\n        <p>El objetivo del Minneapolis School Finder es proporcionar informaci\u00f3n sobre todas las escuelas de Minneapolis, para que los padres y las familias puedan encontrar la escuela m\u00e1s adecuada para su hijo. Para algunos, esto incluye escuelas independientes (privadas). La mayor\u00eda de las escuelas independientes de Minneapolis ofrecen ayuda econ\u00f3mica para la matr\u00edcula, y MinneapolisSchoolFinder.org permite filtrar la b\u00fasqueda en funci\u00f3n del costo de la matr\u00edcula.<\/p>\n      <\/div>\n    <\/details>\n      <details class=\"accordion\">\n      <summary>\n        <h2>\u00bfQu\u00e9 otros recursos ofrecen que me puedan ser \u00fatiles para entender c\u00f3mo apoyar a mi hijo?<\/h2>\n      <\/summary>\n      <div class=\"details-wrapper\">\n        <p>Consulte los <a href=\"https:\/\/greatmnschools.org\/es\/families-resources\/\">Recursos para familias de K12<\/a> ofrecidos por Great MN Schools, que pueden ayudarlo a:<\/p>\n<ul>\n<li>Saber si su hijo est\u00e1 en el nivel adecuado para su grado.<\/li>\n<li>Colaborar con los maestros.<\/li>\n<li>Encontrar recursos de aprendizaje para el verano.<\/li>\n<li>Ponerse en contacto con alguien que le brinde ayuda m\u00e1s detallada.<\/li>\n<\/ul>\n      <\/div>\n    <\/details>\n    <\/div>\n\n\n<h2 class=\"wp-block-heading\"><strong><u>T\u00e9rminos del entorno educativo<\/u><\/strong><\/h2>\n\n\n<div class=\"block-accordion\">\n  \n      <details class=\"accordion\">\n      <summary>\n        <h2>\u00bfQu\u00e9 es una escuela aut\u00f3noma o ch\u00e1rter?<\/h2>\n      <\/summary>\n      <div class=\"details-wrapper\">\n        <p>Las escuelas aut\u00f3nomas o escuelas ch\u00e1rter son escuelas sin matr\u00edcula a las que pueden acceder todos los estudiantes de Minnesota. Ofrecen a las familias una alternativa a las tradicionales escuelas p\u00fablicas de distrito, como las Escuelas P\u00fablicas de Minneapolis (Minneapolis Public Schools, MPS). Las escuelas aut\u00f3nomas est\u00e1n abiertas a todos los estudiantes y, a menudo, cuentan con programas educativos \u00fanicos donde los estudiantes pueden esperar recibir una educaci\u00f3n de calidad. Al igual que las tradicionales escuelas p\u00fablicas de distrito, las escuelas aut\u00f3nomas deben contratar maestros licenciados, ofrecer programas para estudiantes que necesitan servicios de educaci\u00f3n especial y llevar a cabo evaluaciones estatales anuales.<\/p>\n      <\/div>\n    <\/details>\n      <details class=\"accordion\">\n      <summary>\n        <h2>\u00bfQu\u00e9 es una escuela alternativa?<\/h2>\n      <\/summary>\n      <div class=\"details-wrapper\">\n        <p>Las escuelas alternativas ofrecen oportunidades educativas viables a los estudiantes que han tenido dificultades en el sistema escolar p\u00fablico tradicional. Estas escuelas suelen recibir a estudiantes que no tienen suficientes cr\u00e9ditos, que corren el riesgo de no tenerlos o que vuelven a matricularse en la escuela secundaria.<\/p>\n      <\/div>\n    <\/details>\n      <details class=\"accordion\">\n      <summary>\n        <h2>\u00bfQu\u00e9 es una escuela im\u00e1n o de enfoque especializado?<\/h2>\n      <\/summary>\n      <div class=\"details-wrapper\">\n        <p>Las escuelas im\u00e1n son escuelas p\u00fablicas de Minneapolis que ofrecen transporte a toda la ciudad de Minneapolis. Se enfocan en un \u00e1rea espec\u00edfica como Artes, STEM\/STEAM, Inmersi\u00f3n en Dos Idiomas, Estudios Globales y Humanidades, o Montessori.<\/p>\n      <\/div>\n    <\/details>\n      <details class=\"accordion\">\n      <summary>\n        <h2>\u00bfQu\u00e9 es una escuela independiente?<\/h2>\n      <\/summary>\n      <div class=\"details-wrapper\">\n        <p>Una escuela independiente, tambi\u00e9n llamada escuela privada o no p\u00fablica, es aquella que funciona de manera independiente de un distrito escolar p\u00fablico tradicional como las Escuelas P\u00fablicas de Minneapolis. Al igual que las escuelas p\u00fablicas tradicionales, las escuelas independientes est\u00e1n obligadas a impartir ense\u00f1anza en lectura, escritura, matem\u00e1ticas, ciencias, estudios sociales y salud, entre otros contenidos. Estas escuelas suelen estar asociadas con instituciones religiosas. La mayor\u00eda de las escuelas independientes requieren el pago de una matr\u00edcula, pero casi todas ofrecen ayuda econ\u00f3mica. Para obtener m\u00e1s informaci\u00f3n, <a href=\"https:\/\/education.mn.gov\/MDE\/fam\/nphs\/\">haga clic aqu\u00ed<\/a>.<\/p>\n      <\/div>\n    <\/details>\n      <details class=\"accordion\">\n      <summary>\n        <h2>\u00bfExisten en Minnesota bonos escolares u otras formas de acceder a financiaci\u00f3n p\u00fablica para el pago de la matr\u00edcula de las escuelas independientes?<\/h2>\n      <\/summary>\n      <div class=\"details-wrapper\">\n        <p>En Minnesota no hay bonos escolares para el pago de la matr\u00edcula de escuelas no p\u00fablicas. Sin embargo, la mayor\u00eda de las escuelas independientes ofrecen ayuda econ\u00f3mica.<\/p>\n      <\/div>\n    <\/details>\n      <details class=\"accordion\">\n      <summary>\n        <h2>\u00bfExisten opciones de educaci\u00f3n completamente en l\u00ednea?<\/h2>\n      <\/summary>\n      <div class=\"details-wrapper\">\n        <p>La educaci\u00f3n en l\u00ednea est\u00e1 disponible en todo el estado de Minnesota. Sin embargo, el Minneapolis School Finder actualmente no proporciona informaci\u00f3n sobre escuelas en l\u00ednea.<\/p>\n      <\/div>\n    <\/details>\n      <details class=\"accordion\">\n      <summary>\n        <h2>\u00bfA qu\u00e9 escuelas pueden asistir los estudiantes?<\/h2>\n      <\/summary>\n      <div class=\"details-wrapper\">\n        <p>Los estudiantes del estado de Minnesota tienen acceso a una amplia variedad de escuelas. Si necesita transporte en autob\u00fas, le sugerimos que comience ingresando su direcci\u00f3n en MinneapolisSchoolFinder.org para ver las escuelas que ofrecen transporte hasta su domicilio. Los residentes de Minnesota tambi\u00e9n pueden matricular a sus hijos en cualquier escuela aut\u00f3noma o independiente, as\u00ed como en distritos fuera de su distrito de residencia.<\/p>\n      <\/div>\n    <\/details>\n      <details class=\"accordion\">\n      <summary>\n        <h2>\u00bfQu\u00e9 es la matriculaci\u00f3n abierta?<\/h2>\n      <\/summary>\n      <div class=\"details-wrapper\">\n        <p>La matriculaci\u00f3n abierta permite que los estudiantes de todo el estado de Minnesota tengan accesoa escuelas que no est\u00e1n dentro de su distrito de residencia. Este programa permite que estudiantes que viven en un distrito escolar se matriculen en otro. Para obtener m\u00e1s informaci\u00f3n, <a href=\"https:\/\/education.mn.gov\/MDE\/fam\/open\/\">haga clic aqu\u00ed<\/a>.<\/p>\n      <\/div>\n    <\/details>\n      <details class=\"accordion\">\n      <summary>\n        <h2>\u00bfPuedo pagar una escuela independiente?<\/h2>\n      <\/summary>\n      <div class=\"details-wrapper\">\n        <p>La mayor\u00eda de las escuelas independientes ofrecen alg\u00fan tipo de ayuda econ\u00f3mica. Algunas ofrecen el 100\u00a0% de ayuda econ\u00f3mica a los estudiantes que cumplen determinados requisitos. Si le interesa una escuela independiente, le recomendamos que se comunique con la escuela para ver que ayuda financiera est\u00e1disponible.<\/p>\n      <\/div>\n    <\/details>\n    <\/div>\n\n\n<h2 class=\"wp-block-heading\"><strong><u>Datos<\/u><\/strong><\/h2>\n\n\n<div class=\"block-accordion\">\n  \n      <details class=\"accordion\">\n      <summary>\n        <h2>\u00bfC\u00f3mo se calcula la calificaci\u00f3n del Minneapolis School Finder?<\/h2>\n      <\/summary>\n      <div class=\"details-wrapper\">\n        <p>La calificaci\u00f3n del Minneapolis School Finder (Minneapolis School Finder Rating, MSFR) es una herramienta para ayudar a las familias a entender los datos de las escuelas e interactuar con ellos, lo que les permite promover el \u00e9xito de sus hijos. Las familias, los representantes escolares y los l\u00edderes de la comunidad elaboraron colectivamente esta definici\u00f3n de m\u00faltiples medidas de la calidad escolar. Cada escuela elegible en el Minneapolis School Finder (MSF) recibe un valor porcentual y una calificaci\u00f3n decolor.<\/p>\n<p>Para obtener informaci\u00f3n m\u00e1s detallada, visite https:\/\/minneapolisschoolfinder.org\/how-we-calculate-ratings\/.<\/p>\n      <\/div>\n    <\/details>\n      <details class=\"accordion\">\n      <summary>\n        <h2>Tengo una versi\u00f3n impresa del Minneapolis School Finder. \u00bfPor qu\u00e9 hay diferencias en la informaci\u00f3n?<\/h2>\n      <\/summary>\n      <div class=\"details-wrapper\">\n        <p>El sitio web del Minneapolis School Finder est\u00e1 en constante evoluci\u00f3n y se actualiza regularmente. El libro del Minneapolis School Finder se publica una vez al a\u00f1o antes de las fechas l\u00edmite de matriculaci\u00f3n en las escuelas. Cualquiercambio que ocurra despu\u00e9s de la impresi\u00f3n de los libros no ser\u00e1 reflejado. Para obtener la informaci\u00f3n m\u00e1s actualizada, consulte MinneapolisSchoolFinder.org.<\/p>\n      <\/div>\n    <\/details>\n      <details class=\"accordion\">\n      <summary>\n        <h2>\u00bfD\u00f3nde puedo obtener m\u00e1s informaci\u00f3n sobre los datos del perfil de una escuela?<\/h2>\n      <\/summary>\n      <div class=\"details-wrapper\">\n        <p>La mayor\u00eda de nuestrospar\u00e1metros tienenvideos que detallan lo que miden y c\u00f3mo saber c\u00f3mo se ve la calidad. Usted puede encontrarlos en el perfil de cada escuela. Para obtener m\u00e1s informaci\u00f3n sobre los datos de una escuela determinada, haga clic en el bot\u00f3n \u201cDetalle de la Calificaci\u00f3n de Desempe\u00f1o\u201d en la parte inferior de su perfil.<\/p>\n      <\/div>\n    <\/details>\n      <details class=\"accordion\">\n      <summary>\n        <h2>\u00bfDe d\u00f3nde proceden los datos?<\/h2>\n      <\/summary>\n      <div class=\"details-wrapper\">\n        <p>La mayor parte de los datos que aparecen en el Minneapolis School Finder son de acceso p\u00fablico y proceden del Departamento de Educaci\u00f3n de Minnesota. Trabajamos con las escuelas para proporcionar cualquier dato que no est\u00e9 a disposici\u00f3n del p\u00fablico. Esto es particularmente importante en el caso de las escuelas independientes y las escuelas secundarias alternativas, en las que la informaci\u00f3n p\u00fablica disponible es limitada.<\/p>\n      <\/div>\n    <\/details>\n    <\/div>","protected":false},"excerpt":{"rendered":"<p>Acerca del MSF T\u00e9rminos del entorno educativo Datos [&#8230;]<\/p>\n<p><a class=\"btn btn-secondary understrap-read-more-link\" href=\"https:\/\/minneapolisschoolfinder.org\/es\/faq\/\">Read More&#8230;<span class=\"screen-reader-text\"> from FAQ<\/span><\/a><\/p>\n","protected":false},"author":4,"featured_media":0,"parent":0,"menu_order":0,"comment_status":"closed","ping_status":"closed","template":"","meta":{"_acf_changed":true,"editor_notices":[],"footnotes":""},"class_list":["post-603","page","type-page","status-publish","hentry"],"acf":[],"yoast_head":"<!-- This site is optimized with the Yoast SEO plugin v27.2 - https:\/\/yoast.com\/product\/yoast-seo-wordpress\/ -->\n<title>FAQ - Minneapolis School Finder (Spanish)<\/title>\n<meta name=\"robots\" content=\"index, follow, max-snippet:-1, max-image-preview:large, max-video-preview:-1\" \/>\n<link rel=\"canonical\" href=\"https:\/\/minneapolisschoolfinder.org\/es\/faq\/\" \/>\n<meta property=\"og:locale\" content=\"en_US\" \/>\n<meta property=\"og:type\" content=\"article\" \/>\n<meta property=\"og:title\" content=\"FAQ - Minneapolis School Finder (Spanish)\" \/>\n<meta property=\"og:description\" content=\"Acerca del MSF T\u00e9rminos del entorno educativo Datos [...]Read More... from FAQ\" \/>\n<meta property=\"og:url\" content=\"https:\/\/minneapolisschoolfinder.org\/es\/faq\/\" \/>\n<meta property=\"og:site_name\" content=\"Minneapolis School Finder (Spanish)\" \/>\n<meta property=\"article:publisher\" content=\"https:\/\/www.facebook.com\/MinneapolisSchoolFinder\/\" \/>\n<meta property=\"article:modified_time\" content=\"2025-01-24T20:42:16+00:00\" \/>\n<meta property=\"og:image\" content=\"https:\/\/minneapolisschoolfinder.org\/es\/wp-content\/uploads\/sites\/2\/2022\/12\/mpls-school-finder-logo.jpg\" \/>\n\t<meta property=\"og:image:width\" content=\"434\" \/>\n\t<meta property=\"og:image:height\" content=\"322\" \/>\n\t<meta property=\"og:image:type\" content=\"image\/jpeg\" \/>\n<meta name=\"twitter:card\" content=\"summary_large_image\" \/>\n<meta name=\"twitter:site\" content=\"@greatmnschools\" \/>\n<meta name=\"twitter:label1\" content=\"Est. reading time\" \/>\n\t<meta name=\"twitter:data1\" content=\"1 minute\" \/>\n<script type=\"application\/ld+json\" class=\"yoast-schema-graph\">{\"@context\":\"https:\/\/schema.org\",\"@graph\":[{\"@type\":\"WebPage\",\"@id\":\"https:\/\/minneapolisschoolfinder.org\/es\/faq\/\",\"url\":\"https:\/\/minneapolisschoolfinder.org\/es\/faq\/\",\"name\":\"FAQ - Minneapolis School Finder (Spanish)\",\"isPartOf\":{\"@id\":\"https:\/\/minneapolisschoolfinder.org\/es\/#website\"},\"datePublished\":\"2024-09-26T16:07:21+00:00\",\"dateModified\":\"2025-01-24T20:42:16+00:00\",\"breadcrumb\":{\"@id\":\"https:\/\/minneapolisschoolfinder.org\/es\/faq\/#breadcrumb\"},\"inLanguage\":\"en-US\",\"potentialAction\":[{\"@type\":\"ReadAction\",\"target\":[\"https:\/\/minneapolisschoolfinder.org\/es\/faq\/\"]}]},{\"@type\":\"BreadcrumbList\",\"@id\":\"https:\/\/minneapolisschoolfinder.org\/es\/faq\/#breadcrumb\",\"itemListElement\":[{\"@type\":\"ListItem\",\"position\":1,\"name\":\"Home\",\"item\":\"https:\/\/minneapolisschoolfinder.org\/es\/homepage\/find-a-school-that-fits\/\"},{\"@type\":\"ListItem\",\"position\":2,\"name\":\"FAQ\"}]},{\"@type\":\"WebSite\",\"@id\":\"https:\/\/minneapolisschoolfinder.org\/es\/#website\",\"url\":\"https:\/\/minneapolisschoolfinder.org\/es\/\",\"name\":\"Minneapolis School Finder (Spanish)\",\"description\":\"\",\"publisher\":{\"@id\":\"https:\/\/minneapolisschoolfinder.org\/es\/#organization\"},\"potentialAction\":[{\"@type\":\"SearchAction\",\"target\":{\"@type\":\"EntryPoint\",\"urlTemplate\":\"https:\/\/minneapolisschoolfinder.org\/es\/?s={search_term_string}\"},\"query-input\":{\"@type\":\"PropertyValueSpecification\",\"valueRequired\":true,\"valueName\":\"search_term_string\"}}],\"inLanguage\":\"en-US\"},{\"@type\":\"Organization\",\"@id\":\"https:\/\/minneapolisschoolfinder.org\/es\/#organization\",\"name\":\"Minneapolis School Finder (Spanish)\",\"url\":\"https:\/\/minneapolisschoolfinder.org\/es\/\",\"logo\":{\"@type\":\"ImageObject\",\"inLanguage\":\"en-US\",\"@id\":\"https:\/\/minneapolisschoolfinder.org\/es\/#\/schema\/logo\/image\/\",\"url\":\"https:\/\/minneapolisschoolfinder.org\/es\/wp-content\/uploads\/sites\/2\/2022\/09\/cropped-msf-logo@2x-1.png\",\"contentUrl\":\"https:\/\/minneapolisschoolfinder.org\/es\/wp-content\/uploads\/sites\/2\/2022\/09\/cropped-msf-logo@2x-1.png\",\"width\":510,\"height\":378,\"caption\":\"Minneapolis School Finder (Spanish)\"},\"image\":{\"@id\":\"https:\/\/minneapolisschoolfinder.org\/es\/#\/schema\/logo\/image\/\"},\"sameAs\":[\"https:\/\/www.facebook.com\/MinneapolisSchoolFinder\/\",\"https:\/\/x.com\/greatmnschools\"]}]}<\/script>\n<!-- \/ Yoast SEO plugin. -->","yoast_head_json":{"title":"FAQ - Minneapolis School Finder (Spanish)","robots":{"index":"index","follow":"follow","max-snippet":"max-snippet:-1","max-image-preview":"max-image-preview:large","max-video-preview":"max-video-preview:-1"},"canonical":"https:\/\/minneapolisschoolfinder.org\/es\/faq\/","og_locale":"en_US","og_type":"article","og_title":"FAQ - Minneapolis School Finder (Spanish)","og_description":"Acerca del MSF T\u00e9rminos del entorno educativo Datos [...]Read More... from FAQ","og_url":"https:\/\/minneapolisschoolfinder.org\/es\/faq\/","og_site_name":"Minneapolis School Finder (Spanish)","article_publisher":"https:\/\/www.facebook.com\/MinneapolisSchoolFinder\/","article_modified_time":"2025-01-24T20:42:16+00:00","og_image":[{"width":434,"height":322,"url":"https:\/\/minneapolisschoolfinder.org\/es\/wp-content\/uploads\/sites\/2\/2022\/12\/mpls-school-finder-logo.jpg","type":"image\/jpeg"}],"twitter_card":"summary_large_image","twitter_site":"@greatmnschools","twitter_misc":{"Est. reading time":"1 minute"},"schema":{"@context":"https:\/\/schema.org","@graph":[{"@type":"WebPage","@id":"https:\/\/minneapolisschoolfinder.org\/es\/faq\/","url":"https:\/\/minneapolisschoolfinder.org\/es\/faq\/","name":"FAQ - Minneapolis School Finder (Spanish)","isPartOf":{"@id":"https:\/\/minneapolisschoolfinder.org\/es\/#website"},"datePublished":"2024-09-26T16:07:21+00:00","dateModified":"2025-01-24T20:42:16+00:00","breadcrumb":{"@id":"https:\/\/minneapolisschoolfinder.org\/es\/faq\/#breadcrumb"},"inLanguage":"en-US","potentialAction":[{"@type":"ReadAction","target":["https:\/\/minneapolisschoolfinder.org\/es\/faq\/"]}]},{"@type":"BreadcrumbList","@id":"https:\/\/minneapolisschoolfinder.org\/es\/faq\/#breadcrumb","itemListElement":[{"@type":"ListItem","position":1,"name":"Home","item":"https:\/\/minneapolisschoolfinder.org\/es\/homepage\/find-a-school-that-fits\/"},{"@type":"ListItem","position":2,"name":"FAQ"}]},{"@type":"WebSite","@id":"https:\/\/minneapolisschoolfinder.org\/es\/#website","url":"https:\/\/minneapolisschoolfinder.org\/es\/","name":"Minneapolis School Finder (Spanish)","description":"","publisher":{"@id":"https:\/\/minneapolisschoolfinder.org\/es\/#organization"},"potentialAction":[{"@type":"SearchAction","target":{"@type":"EntryPoint","urlTemplate":"https:\/\/minneapolisschoolfinder.org\/es\/?s={search_term_string}"},"query-input":{"@type":"PropertyValueSpecification","valueRequired":true,"valueName":"search_term_string"}}],"inLanguage":"en-US"},{"@type":"Organization","@id":"https:\/\/minneapolisschoolfinder.org\/es\/#organization","name":"Minneapolis School Finder (Spanish)","url":"https:\/\/minneapolisschoolfinder.org\/es\/","logo":{"@type":"ImageObject","inLanguage":"en-US","@id":"https:\/\/minneapolisschoolfinder.org\/es\/#\/schema\/logo\/image\/","url":"https:\/\/minneapolisschoolfinder.org\/es\/wp-content\/uploads\/sites\/2\/2022\/09\/cropped-msf-logo@2x-1.png","contentUrl":"https:\/\/minneapolisschoolfinder.org\/es\/wp-content\/uploads\/sites\/2\/2022\/09\/cropped-msf-logo@2x-1.png","width":510,"height":378,"caption":"Minneapolis School Finder (Spanish)"},"image":{"@id":"https:\/\/minneapolisschoolfinder.org\/es\/#\/schema\/logo\/image\/"},"sameAs":["https:\/\/www.facebook.com\/MinneapolisSchoolFinder\/","https:\/\/x.com\/greatmnschools"]}]}},"_links":{"self":[{"href":"https:\/\/minneapolisschoolfinder.org\/es\/wp-json\/wp\/v2\/pages\/603","targetHints":{"allow":["GET"]}}],"collection":[{"href":"https:\/\/minneapolisschoolfinder.org\/es\/wp-json\/wp\/v2\/pages"}],"about":[{"href":"https:\/\/minneapolisschoolfinder.org\/es\/wp-json\/wp\/v2\/types\/page"}],"author":[{"embeddable":true,"href":"https:\/\/minneapolisschoolfinder.org\/es\/wp-json\/wp\/v2\/users\/4"}],"replies":[{"embeddable":true,"href":"https:\/\/minneapolisschoolfinder.org\/es\/wp-json\/wp\/v2\/comments?post=603"}],"version-history":[{"count":0,"href":"https:\/\/minneapolisschoolfinder.org\/es\/wp-json\/wp\/v2\/pages\/603\/revisions"}],"wp:attachment":[{"href":"https:\/\/minneapolisschoolfinder.org\/es\/wp-json\/wp\/v2\/media?parent=603"}],"curies":[{"name":"wp","href":"https:\/\/api.w.org\/{rel}","templated":true}]}}